{"id":98,"date":"2015-04-08T17:42:13","date_gmt":"2015-04-08T17:42:13","guid":{"rendered":"http:\/\/skuusk.homeip.net\/wordpress\/?page_id=98"},"modified":"2016-05-27T10:05:00","modified_gmt":"2016-05-27T10:05:00","slug":"laulatus","status":"publish","type":"page","link":"https:\/\/narva-joesuu.eelk.ee\/?page_id=98","title":{"rendered":"Laulatus ja abielu"},"content":{"rendered":"<p style=\"text-align: left;\">Kirik toetab perekonda ja perekonna loomist. Jumal on andnud abielu selleks, et mees ja naine v\u00f5iksid kogeda \u00f5nne, toetada teineteist ja kasvatada lapsi.<br \/>\nKristlik abielu algab\u00a0<strong>laulatusega<\/strong>, kus mees ja naine s\u00f5lmivad s\u00f5lmivad omavahel Jumala nimel kristliku abielu. Sellega seob pruutpaar ennast j\u00e4\u00e4davaks kooseluks. Vaimulik on seejuures kirikupoolne tunnistaja ja lepingu seaduslikkuse tunnistaja. Laulatus on ka eestpalve- ja \u00f5nnistustalitus, millega pruutpaar ja pulmarahvas palub abielut\u00f5otuse t\u00e4itmiseks Jumalalt \u00f5nnistust.<\/p>\n<p>Kirikliku laulatuse eelduseks on, et\u00a0<strong>nii mees kui naine\u00a0<\/strong>on Eesti Evangeelse Luterliku Kirikut\u00e4is\u00f5iguslikud (<strong>ristitud ja konfirmeeritud)<\/strong>\u00a0liikmed. Kui \u00fcks v\u00f5i m\u00f5lemad abielluda soovijad on konfirmeerimata, siis tuleks neil l\u00e4bida leerikool v\u00f5i ristimisele ja konfirmatsioonile eelnev \u00f5pe individuaalprogrammi ulatuses.<br \/>\nKui \u00fcks abielluda soovijatest on m\u00f5ne teise kristliku kiriku (roomakatoliku, \u00f5igeusu, baptisti vm) liige, siis lepitakse laulatustalituse l\u00e4biviimise kord kokku m\u00f5lema kiriku vaimulikega.<br \/>\nLoomulik on, et ennast lasevad laulatada ka varem registreeritud, ent laulatamata j\u00e4\u00e4nud abielupaarid. Sellist abielu \u00f5nnistamist palutakse sageli n\u00e4iteks seoses\u00a0pulma-aastap\u00e4evaga, kuid sobilik on ka igasugune muu aeg.\u00a0See on\u00a0aeg oma elu &#8211; sealhulgas ka abielu &#8211; Jumala hoolde usaldada ning Temalt \u00f5nnistust ja kaitset paluda.<\/p>\n<p>Soovist oma abielu laulatada tuleks aegsasti teada anda.\u00a0Kui \u00fcks pooltest v\u00f5i ka m\u00f5lemad pooled on ristimata ja\/v\u00f5i konfirmeerimata (leeri\u00f5nnistuseta),\u00a0on \u00f5ige aeg kiriku\u00f5petajaga\u00a0n\u00f5u pidada 3-6 kuud enne pulmi.<\/p>\n","protected":false},"excerpt":{"rendered":"<p>Kirik toetab perekonda ja perekonna loomist. Jumal on andnud abielu selleks, et mees ja naine v\u00f5iksid kogeda \u00f5nne, toetada teineteist ja kasvatada lapsi. Kristlik abielu algab\u00a0laulatusega, kus mees ja naine s\u00f5lmivad s\u00f5lmivad omavahel Jumala nimel kristliku abielu. Sellega seob pruutpaar &hellip; <a href=\"https:\/\/narva-joesuu.eelk.ee\/?page_id=98\">Continue reading <span class=\"meta-nav\">&rarr;<\/span><\/a><\/p>\n","protected":false},"author":1,"featured_media":0,"parent":0,"menu_order":0,"comment_status":"closed","ping_status":"closed","template":"","meta":{"footnotes":""},"class_list":["post-98","page","type-page","status-publish","hentry"],"_links":{"self":[{"href":"https:\/\/narva-joesuu.eelk.ee\/index.php?rest_route=\/wp\/v2\/pages\/98","targetHints":{"allow":["GET"]}}],"collection":[{"href":"https:\/\/narva-joesuu.eelk.ee\/index.php?rest_route=\/wp\/v2\/pages"}],"about":[{"href":"https:\/\/narva-joesuu.eelk.ee\/index.php?rest_route=\/wp\/v2\/types\/page"}],"author":[{"embeddable":true,"href":"https:\/\/narva-joesuu.eelk.ee\/index.php?rest_route=\/wp\/v2\/users\/1"}],"replies":[{"embeddable":true,"href":"https:\/\/narva-joesuu.eelk.ee\/index.php?rest_route=%2Fwp%2Fv2%2Fcomments&post=98"}],"version-history":[{"count":6,"href":"https:\/\/narva-joesuu.eelk.ee\/index.php?rest_route=\/wp\/v2\/pages\/98\/revisions"}],"predecessor-version":[{"id":166,"href":"https:\/\/narva-joesuu.eelk.ee\/index.php?rest_route=\/wp\/v2\/pages\/98\/revisions\/166"}],"wp:attachment":[{"href":"https:\/\/narva-joesuu.eelk.ee\/index.php?rest_route=%2Fwp%2Fv2%2Fmedia&parent=98"}],"curies":[{"name":"wp","href":"https:\/\/api.w.org\/{rel}","templated":true}]}}