{"id":88,"date":"2015-04-08T07:48:02","date_gmt":"2015-04-08T07:48:02","guid":{"rendered":"http:\/\/skuusk.homeip.net\/wordpress\/?page_id=88"},"modified":"2022-11-01T19:53:44","modified_gmt":"2022-11-01T17:53:44","slug":"ristimine","status":"publish","type":"page","link":"https:\/\/narva-joesuu.eelk.ee\/?page_id=88","title":{"rendered":"Ristimine"},"content":{"rendered":"<h1>Ristimine<\/h1>\n<p>Ristimine on sakrament, mille kaudu\u00a0<strong>v\u00f5etakse inimene vastu kristliku kiriku osadusse<\/strong>. Olgu ristitav imik v\u00f5i t\u00e4iskasvanu &#8211; ristimisega algab uus elu.\u00a0<strong>Ristimisega saab inimene kristlaseks<\/strong>.<\/p>\n<p><strong>LAPSE RISTIMINE<\/strong>\u00a0\u00a0toimub\u00a0vanemate (erandina \u00fche vanema v\u00f5i lapse hooldaja) soovil. Ristimistalitusel kinnitavad nad oma tahet ja annavad t\u00f5otuse last kristlikult kasvatada. Sellep\u00e4rast peavad ka\u00a0<strong>lapse vanemad\u00a0<\/strong>olema ise t\u00e4ie\u00f5iguslikud, s.t<strong>\u00a0ristitud ja leeritatud\u00a0<\/strong>koguduseliikmed, kes on valmis andma lapsele kristlikku kasvatust.<\/p>\n<p>Vastne ilmakodanik ristitakse nii ruttu kui v\u00f5imalik,\u00a0<strong>soovitavalt esimestel elukuudel<\/strong>.<\/p>\n<p>Vanemad valivad lapsele\u00a0<strong>ristivanemad ehk vaderid<\/strong>\u00a0(\u00fcks v\u00f5i mitu) Eesti Evangeelse Luterliku Kiriku t\u00e4is\u00f5iguslike (<strong>ristitud ja leeritatud<\/strong>) liikmete hulgast. Ristivanemaks v\u00f5ib olla ka\u00a0<span style=\"text-decoration: underline;\">m\u00f5ne teise kiriku\u00a0<\/span>(nt roomakatoliku, \u00f5igeusu, metodisti vm) liige,\u00a0<span style=\"text-decoration: underline;\">eeldusel, et selles kirikus tunnistatakse laste ristimist.<\/span><br \/>\nRistivanemad on ristimisel tunnistajateks ning\u00a0nad v\u00f5tavad endale kaasvastutuse lapse kristliku kasvatamise eest.\u00a0\u00dchel inimesel v\u00f5ib olla mitu ristilast.<br \/>\n<em><strong>NB!<\/strong>\u00a0Kui lapse ristivanemaks soovitakse inimest, kes ei ole veel ristitud v\u00f5i konfirmeeritud, siis peaks viimane l\u00e4bima ristimiseelse \u00f5petuse\u00a0ehk leeri\u00f5petuse\u00a0ning saama seej\u00e4rel ise ristitud ja konfirmeeritud.<\/em><\/p>\n<p>Ristimine toimub kas\u00a0<strong>p\u00fchap\u00e4evasel jumalateenistusel v\u00f5i eraldi talitusena<\/strong>. V\u00f5imalik on pidada ka\u00a0<strong>kodust ristimistalitust<\/strong>.<br \/>\nRistimistalituse aja, koha ja t\u00e4pse \u00fclesehituse osas lepitakse kokku vaimulikuga.<\/p>\n<p><strong>Teata soovist<\/strong>\u00a0ristida oma laps koguduse tel:<\/p>\n<p><strong>T\u00c4ISKASVANU RISTIMINE.\u00a0\u00a0<\/strong>Kui vanemad on j\u00e4tnud lapse ristimata, saab t\u00e4iskasvanud inimesena\u00a0<strong>iseseivalt\u00a0<\/strong>ristimisele tulla.\u00a0Sellele\u00a0eelneb aga\u00a0<strong>ristimis\u00f5petus (= leeri\u00f5petus)\u00a0<\/strong>ja\u00a0ristimistalitus on enamasti \u00fchendatud leeri\u00f5nnistamisega. Leeri\u00f5petust saadakse reeglina\u00a0<strong>leerikoolis.\u00a0<\/strong>M\u00f5juvatel p\u00f5hjustel saab teha erandi ja valmistuda ristimiseks<strong>\u00a0<\/strong>\u00f5petaja juhendamisel\u00a0<strong>individuaalprogrammi\u00a0<\/strong>j\u00e4rgi \u00f5ppides.<br \/>\nKuna ristivanemate t\u00e4henduseks on olla kaasvastutajad lapse kristlikul kasvatamisel,\u00a0<span style=\"text-decoration: underline;\">ei ole t\u00e4isealise puhul ristivanemate valik enam vajalik<\/span>.<br \/>\nRistitakse vaid kord elus, seega kui inimene on juba teises konfessioonis ristitud, siis luterlikku kirikusse \u00fcle tulles teda uuesti ei ristita.<br \/>\nKui ristitu ei taha kristlasena elada, ei saa ta ometi ristimistalitust t\u00fchistada, kuna ristmine pole mitte tema, vaid Jumala tegu.<\/p>\n","protected":false},"excerpt":{"rendered":"<p>Ristimine Ristimine on sakrament, mille kaudu\u00a0v\u00f5etakse inimene vastu kristliku kiriku osadusse. Olgu ristitav imik v\u00f5i t\u00e4iskasvanu &#8211; ristimisega algab uus elu.\u00a0Ristimisega saab inimene kristlaseks. LAPSE RISTIMINE\u00a0\u00a0toimub\u00a0vanemate (erandina \u00fche vanema v\u00f5i lapse hooldaja) soovil. Ristimistalitusel kinnitavad nad oma tahet ja annavad &hellip; <a href=\"https:\/\/narva-joesuu.eelk.ee\/?page_id=88\">Continue reading <span class=\"meta-nav\">&rarr;<\/span><\/a><\/p>\n","protected":false},"author":1,"featured_media":0,"parent":0,"menu_order":0,"comment_status":"closed","ping_status":"closed","template":"","meta":{"footnotes":""},"class_list":["post-88","page","type-page","status-publish","hentry"],"_links":{"self":[{"href":"https:\/\/narva-joesuu.eelk.ee\/index.php?rest_route=\/wp\/v2\/pages\/88","targetHints":{"allow":["GET"]}}],"collection":[{"href":"https:\/\/narva-joesuu.eelk.ee\/index.php?rest_route=\/wp\/v2\/pages"}],"about":[{"href":"https:\/\/narva-joesuu.eelk.ee\/index.php?rest_route=\/wp\/v2\/types\/page"}],"author":[{"embeddable":true,"href":"https:\/\/narva-joesuu.eelk.ee\/index.php?rest_route=\/wp\/v2\/users\/1"}],"replies":[{"embeddable":true,"href":"https:\/\/narva-joesuu.eelk.ee\/index.php?rest_route=%2Fwp%2Fv2%2Fcomments&post=88"}],"version-history":[{"count":4,"href":"https:\/\/narva-joesuu.eelk.ee\/index.php?rest_route=\/wp\/v2\/pages\/88\/revisions"}],"predecessor-version":[{"id":454,"href":"https:\/\/narva-joesuu.eelk.ee\/index.php?rest_route=\/wp\/v2\/pages\/88\/revisions\/454"}],"wp:attachment":[{"href":"https:\/\/narva-joesuu.eelk.ee\/index.php?rest_route=%2Fwp%2Fv2%2Fmedia&parent=88"}],"curies":[{"name":"wp","href":"https:\/\/api.w.org\/{rel}","templated":true}]}}