{"id":85,"date":"2015-04-07T21:21:22","date_gmt":"2015-04-07T21:21:22","guid":{"rendered":"http:\/\/skuusk.homeip.net\/wordpress\/?page_id=85"},"modified":"2015-04-07T21:21:22","modified_gmt":"2015-04-07T21:21:22","slug":"talitused","status":"publish","type":"page","link":"https:\/\/narva-joesuu.eelk.ee\/?page_id=85","title":{"rendered":"Talitused"},"content":{"rendered":"<h1>Eestpalved ja m\u00e4lestamine<\/h1>\n<p><strong>EESTPALVESOOVI ja LAHKUNUTE M\u00c4LESTAMISE\u00a0<\/strong>sooviga v\u00f5ib tulla kiriku\u00a0<strong>kantseleisse\u00a0<\/strong>m\u00f5ni n\u00e4dal\u00a0<strong>kuni veerand tundi enne jumalateenistust<\/strong>, ent oma soovist v\u00f5ib teada anda ka telefoni teel.<br \/>\nKiriku\u00f5petaja ja kogudus kannavad Teie mure v\u00f5i leina &#8211; vajadusel ka anon\u00fc\u00fcmselt &#8211; palves Jumala ette.<\/p>\n","protected":false},"excerpt":{"rendered":"<p>Eestpalved ja m\u00e4lestamine EESTPALVESOOVI ja LAHKUNUTE M\u00c4LESTAMISE\u00a0sooviga v\u00f5ib tulla kiriku\u00a0kantseleisse\u00a0m\u00f5ni n\u00e4dal\u00a0kuni veerand tundi enne jumalateenistust, ent oma soovist v\u00f5ib teada anda ka telefoni teel. Kiriku\u00f5petaja ja kogudus kannavad Teie mure v\u00f5i leina &#8211; vajadusel ka anon\u00fc\u00fcmselt &#8211; palves Jumala ette.<\/p>\n","protected":false},"author":1,"featured_media":0,"parent":0,"menu_order":0,"comment_status":"closed","ping_status":"closed","template":"","meta":{"footnotes":""},"class_list":["post-85","page","type-page","status-publish","hentry"],"_links":{"self":[{"href":"https:\/\/narva-joesuu.eelk.ee\/index.php?rest_route=\/wp\/v2\/pages\/85","targetHints":{"allow":["GET"]}}],"collection":[{"href":"https:\/\/narva-joesuu.eelk.ee\/index.php?rest_route=\/wp\/v2\/pages"}],"about":[{"href":"https:\/\/narva-joesuu.eelk.ee\/index.php?rest_route=\/wp\/v2\/types\/page"}],"author":[{"embeddable":true,"href":"https:\/\/narva-joesuu.eelk.ee\/index.php?rest_route=\/wp\/v2\/users\/1"}],"replies":[{"embeddable":true,"href":"https:\/\/narva-joesuu.eelk.ee\/index.php?rest_route=%2Fwp%2Fv2%2Fcomments&post=85"}],"version-history":[{"count":1,"href":"https:\/\/narva-joesuu.eelk.ee\/index.php?rest_route=\/wp\/v2\/pages\/85\/revisions"}],"predecessor-version":[{"id":86,"href":"https:\/\/narva-joesuu.eelk.ee\/index.php?rest_route=\/wp\/v2\/pages\/85\/revisions\/86"}],"wp:attachment":[{"href":"https:\/\/narva-joesuu.eelk.ee\/index.php?rest_route=%2Fwp%2Fv2%2Fmedia&parent=85"}],"curies":[{"name":"wp","href":"https:\/\/api.w.org\/{rel}","templated":true}]}}