{"id":4,"date":"2015-01-11T19:07:06","date_gmt":"2015-01-11T19:07:06","guid":{"rendered":"http:\/\/server\/wordpress\/?page_id=4"},"modified":"2016-05-28T21:51:40","modified_gmt":"2016-05-28T18:51:40","slug":"page-2","status":"publish","type":"page","link":"https:\/\/narva-joesuu.eelk.ee\/?page_id=4","title":{"rendered":"Liikmeinfo"},"content":{"rendered":"<p>Koguduse liikmeks saab inimene ristimise kaudu.<\/p>\n<p>Koguduse t\u00e4ie\u00f5iguslikuks liikmeks saab inimene peale leeru\u00f5nnistamist ja esmast armulauda. Sellega saab inimene koguduse liikme \u00f5igused ja ka kohustused.<\/p>\n<p>Koguduse liikmeks v\u00f5ib saada ka \u00fcletulekuga teisest kogudusest, n\u00e4iteks elukoha vahetamise korral. Selleks tuleb p\u00f6\u00f6rduda koguduse vaimluliku poole. Vaimulik teeb \u00a0eelmise koguduse vaimulikule\u00a0kirjaliku kirikut\u00e4he n\u00f5ude.<\/p>\n<p>Selle alusel kinnitatakse\u00a0\u00a0inimese andmed \u00a0ja t\u00e4is\u00f5iguslikuks kiriku liikmeks olek.<\/p>\n<p>Koguduse liikme \u00f5igused ja kohustused on:<\/p>\n<ul>\n<li>k\u00e4ia jumalateenistustel<\/li>\n<li>palvetada ja lugeda Piiblit<\/li>\n<li>k\u00e4ia armulaual<\/li>\n<li>tasuda iga-aastast koguduse liikmemaksu, mille suurus on soovitatavalt 1% sissetulekust<\/li>\n<li>v\u00f5tta osa koguduse juhtorganite valimisest ning olla ise valitud<\/li>\n<li>olla laulatatud<\/li>\n<li>ristida oma lapsi<\/li>\n<li>saata lapsi leeri<\/li>\n<li>saada kristlikult maetud<\/li>\n<li>olla aktiivne koguduse liige<\/li>\n<\/ul>\n","protected":false},"excerpt":{"rendered":"<p>Koguduse liikmeks saab inimene ristimise kaudu. Koguduse t\u00e4ie\u00f5iguslikuks liikmeks saab inimene peale leeru\u00f5nnistamist ja esmast armulauda. Sellega saab inimene koguduse liikme \u00f5igused ja ka kohustused. Koguduse liikmeks v\u00f5ib saada ka \u00fcletulekuga teisest kogudusest, n\u00e4iteks elukoha vahetamise korral. Selleks tuleb p\u00f6\u00f6rduda &hellip; <a href=\"https:\/\/narva-joesuu.eelk.ee\/?page_id=4\">Continue reading <span class=\"meta-nav\">&rarr;<\/span><\/a><\/p>\n","protected":false},"author":1,"featured_media":0,"parent":0,"menu_order":0,"comment_status":"closed","ping_status":"closed","template":"","meta":{"footnotes":""},"class_list":["post-4","page","type-page","status-publish","hentry"],"_links":{"self":[{"href":"https:\/\/narva-joesuu.eelk.ee\/index.php?rest_route=\/wp\/v2\/pages\/4","targetHints":{"allow":["GET"]}}],"collection":[{"href":"https:\/\/narva-joesuu.eelk.ee\/index.php?rest_route=\/wp\/v2\/pages"}],"about":[{"href":"https:\/\/narva-joesuu.eelk.ee\/index.php?rest_route=\/wp\/v2\/types\/page"}],"author":[{"embeddable":true,"href":"https:\/\/narva-joesuu.eelk.ee\/index.php?rest_route=\/wp\/v2\/users\/1"}],"replies":[{"embeddable":true,"href":"https:\/\/narva-joesuu.eelk.ee\/index.php?rest_route=%2Fwp%2Fv2%2Fcomments&post=4"}],"version-history":[{"count":5,"href":"https:\/\/narva-joesuu.eelk.ee\/index.php?rest_route=\/wp\/v2\/pages\/4\/revisions"}],"predecessor-version":[{"id":180,"href":"https:\/\/narva-joesuu.eelk.ee\/index.php?rest_route=\/wp\/v2\/pages\/4\/revisions\/180"}],"wp:attachment":[{"href":"https:\/\/narva-joesuu.eelk.ee\/index.php?rest_route=%2Fwp%2Fv2%2Fmedia&parent=4"}],"curies":[{"name":"wp","href":"https:\/\/api.w.org\/{rel}","templated":true}]}}