{"id":26,"date":"2015-01-11T21:12:06","date_gmt":"2015-01-11T21:12:06","guid":{"rendered":"http:\/\/server\/wordpress\/?page_id=26"},"modified":"2026-03-28T18:42:05","modified_gmt":"2026-03-28T16:42:05","slug":"sundmused","status":"publish","type":"page","link":"https:\/\/narva-joesuu.eelk.ee\/?page_id=26","title":{"rendered":"J\u00e4rgmised s\u00fcndmused"},"content":{"rendered":"\n<p><br><strong>29. m\u00e4rtsil Palmipuudep\u00fcha<\/strong> jumalateenistus,<br>29. m\u00e4rtsil <strong>peale jumalateenistust on koguduse n\u00f5ukogu koosolek<\/strong>.<\/p>\n\n\n\n<p><strong>Jumalateenistused Suurel n\u00e4dalal:<\/strong><br><strong>Suure Reede jumalateenistus on 3. aprillil kell 11:00<br>Esimese \u00dclest\u00f5usmisp\u00fcha jumalateenistus on 5. aprillil kell 11:00<\/strong><\/p>\n\n\n\n<p><\/p>\n\n\n\n<p>Jumalateenistused Narva-J\u00f5esuu Niguliste koguduses on \u00fcldjuhul armulauaga. <\/p>\n\n\n\n<p>Olete oodatud!<\/p>\n\n\n\n<p>Enne ja p\u00e4rast iga jumalateenistust saab kantseleis tasuda liikmeannetusi.&nbsp;<\/p>\n\n\n\n<p>Liikmeannetuse v\u00f5ib kanda ka koguduse arveldusarvele Swedpangas, konto number: EE762200001120255608, saaja Eesti Evangeelse luteri kiriku Narva-J\u00f5esuu Niguliste kogudus.<\/p>\n\n\n\n<p>_________________________________________<\/p>\n\n\n\n<p>Jumalateenistused toimuvad 2 korda kuus algusega kell 11.00 Koidu tn 19.<\/p>\n\n\n\n<p>Koguduse \u00f5petaja Merike K\u00fctt&nbsp;<a rel=\"noreferrer noopener\" href=\"mailto:merike.kytt@eelk.ee\" target=\"_blank\">merike.kytt[@]eelk.ee<\/a><\/p>\n\n\n\n<figure class=\"wp-block-gallery has-nested-images columns-default is-cropped wp-block-gallery-1 is-layout-flex wp-block-gallery-is-layout-flex\">\n<figure class=\"wp-block-image\"><img decoding=\"async\" src=\"blob:https:\/\/narva-joesuu.eelk.ee\/fcf1f16b-f9b5-4842-93d9-736e311fdf6c\" alt=\"\"\/><\/figure>\n<\/figure>\n\n\n\n<p><\/p>\n","protected":false},"excerpt":{"rendered":"<p>29. m\u00e4rtsil Palmipuudep\u00fcha jumalateenistus,29. m\u00e4rtsil peale jumalateenistust on koguduse n\u00f5ukogu koosolek. Jumalateenistused Suurel n\u00e4dalal:Suure Reede jumalateenistus on 3. aprillil kell 11:00Esimese \u00dclest\u00f5usmisp\u00fcha jumalateenistus on 5. aprillil kell 11:00 Jumalateenistused Narva-J\u00f5esuu Niguliste koguduses on \u00fcldjuhul armulauaga. Olete oodatud! Enne ja p\u00e4rast &hellip; <a href=\"https:\/\/narva-joesuu.eelk.ee\/?page_id=26\">Continue reading <span class=\"meta-nav\">&rarr;<\/span><\/a><\/p>\n","protected":false},"author":1,"featured_media":0,"parent":0,"menu_order":0,"comment_status":"closed","ping_status":"closed","template":"","meta":{"footnotes":""},"class_list":["post-26","page","type-page","status-publish","hentry"],"_links":{"self":[{"href":"https:\/\/narva-joesuu.eelk.ee\/index.php?rest_route=\/wp\/v2\/pages\/26","targetHints":{"allow":["GET"]}}],"collection":[{"href":"https:\/\/narva-joesuu.eelk.ee\/index.php?rest_route=\/wp\/v2\/pages"}],"about":[{"href":"https:\/\/narva-joesuu.eelk.ee\/index.php?rest_route=\/wp\/v2\/types\/page"}],"author":[{"embeddable":true,"href":"https:\/\/narva-joesuu.eelk.ee\/index.php?rest_route=\/wp\/v2\/users\/1"}],"replies":[{"embeddable":true,"href":"https:\/\/narva-joesuu.eelk.ee\/index.php?rest_route=%2Fwp%2Fv2%2Fcomments&post=26"}],"version-history":[{"count":163,"href":"https:\/\/narva-joesuu.eelk.ee\/index.php?rest_route=\/wp\/v2\/pages\/26\/revisions"}],"predecessor-version":[{"id":741,"href":"https:\/\/narva-joesuu.eelk.ee\/index.php?rest_route=\/wp\/v2\/pages\/26\/revisions\/741"}],"wp:attachment":[{"href":"https:\/\/narva-joesuu.eelk.ee\/index.php?rest_route=%2Fwp%2Fv2%2Fmedia&parent=26"}],"curies":[{"name":"wp","href":"https:\/\/api.w.org\/{rel}","templated":true}]}}