{"id":20,"date":"2015-01-11T21:01:18","date_gmt":"2015-01-11T21:01:18","guid":{"rendered":"http:\/\/server\/wordpress\/?page_id=20"},"modified":"2015-04-08T20:36:18","modified_gmt":"2015-04-08T20:36:18","slug":"liikmemaks","status":"publish","type":"page","link":"https:\/\/narva-joesuu.eelk.ee\/?page_id=20","title":{"rendered":"Liikmeannetus"},"content":{"rendered":"<p>Liikmeannetust saab anda sularahas kiriku kantseleis enne ja p\u00e4rast jumalateenistust.<\/p>\n<p>Liikmeannetus arveldusarvele:<\/p>\n<p><strong>EE762200001120255608<\/strong>, ( Swedbank)<br \/>\n<strong>EELK Narva-J\u00f5esuu Niguliste Kogudus<\/strong><br \/>\nSelgitusse v\u00f5ib panna, kas tegemist on liikmeannetusega v\u00f5i soovite sihtotstarbeliselt toetada t\u00f6\u00f6d lastega, kiriku remonti vm.<br \/>\nSuured t\u00e4nud ka neile, kes on otsustanud \u00a0s\u00f5lmida pangas\u00a0p\u00fcsikorralduse ja sellega toetada kogudust!<\/p>\n<p><strong>Suur t\u00e4nu k\u00f5igile, kes on \u00a0toetanud kogudust ja seda j\u00e4tkuvalt toetada tahavad!\u00a0<\/strong><\/p>\n","protected":false},"excerpt":{"rendered":"<p>Liikmeannetust saab anda sularahas kiriku kantseleis enne ja p\u00e4rast jumalateenistust. Liikmeannetus arveldusarvele: EE762200001120255608, ( Swedbank) EELK Narva-J\u00f5esuu Niguliste Kogudus Selgitusse v\u00f5ib panna, kas tegemist on liikmeannetusega v\u00f5i soovite sihtotstarbeliselt toetada t\u00f6\u00f6d lastega, kiriku remonti vm. Suured t\u00e4nud ka neile, kes &hellip; <a href=\"https:\/\/narva-joesuu.eelk.ee\/?page_id=20\">Continue reading <span class=\"meta-nav\">&rarr;<\/span><\/a><\/p>\n","protected":false},"author":1,"featured_media":0,"parent":4,"menu_order":0,"comment_status":"closed","ping_status":"closed","template":"","meta":{"footnotes":""},"class_list":["post-20","page","type-page","status-publish","hentry"],"_links":{"self":[{"href":"https:\/\/narva-joesuu.eelk.ee\/index.php?rest_route=\/wp\/v2\/pages\/20","targetHints":{"allow":["GET"]}}],"collection":[{"href":"https:\/\/narva-joesuu.eelk.ee\/index.php?rest_route=\/wp\/v2\/pages"}],"about":[{"href":"https:\/\/narva-joesuu.eelk.ee\/index.php?rest_route=\/wp\/v2\/types\/page"}],"author":[{"embeddable":true,"href":"https:\/\/narva-joesuu.eelk.ee\/index.php?rest_route=\/wp\/v2\/users\/1"}],"replies":[{"embeddable":true,"href":"https:\/\/narva-joesuu.eelk.ee\/index.php?rest_route=%2Fwp%2Fv2%2Fcomments&post=20"}],"version-history":[{"count":7,"href":"https:\/\/narva-joesuu.eelk.ee\/index.php?rest_route=\/wp\/v2\/pages\/20\/revisions"}],"predecessor-version":[{"id":131,"href":"https:\/\/narva-joesuu.eelk.ee\/index.php?rest_route=\/wp\/v2\/pages\/20\/revisions\/131"}],"up":[{"embeddable":true,"href":"https:\/\/narva-joesuu.eelk.ee\/index.php?rest_route=\/wp\/v2\/pages\/4"}],"wp:attachment":[{"href":"https:\/\/narva-joesuu.eelk.ee\/index.php?rest_route=%2Fwp%2Fv2%2Fmedia&parent=20"}],"curies":[{"name":"wp","href":"https:\/\/api.w.org\/{rel}","templated":true}]}}