{"id":156,"date":"2016-05-27T09:39:33","date_gmt":"2016-05-27T09:39:33","guid":{"rendered":"http:\/\/skuusk.homeip.net\/wordpress\/?page_id=156"},"modified":"2022-11-01T20:16:24","modified_gmt":"2022-11-01T18:16:24","slug":"dokumendid","status":"publish","type":"page","link":"https:\/\/narva-joesuu.eelk.ee\/?page_id=156","title":{"rendered":"Dokumendid"},"content":{"rendered":"<p>P\u00f5hikiri:<\/p>\n<p><a href=\"http:\/\/www.eelk.ee\/et\/kiriku-korraldus\/seadusandlus\/pohikiri\/\" target=\"_blank\" rel=\"noopener noreferrer\">EELK p\u00f5hikiri<\/a><\/p>\n<p><strong>Majandusaasta aruanded<\/strong>:<\/p>\n<p><a href=\"https:\/\/narva-joesuu.eelk.ee\/wp-content\/uploads\/2022\/11\/2021-majandusaasta-aruanne.pdf\">2021.a.<\/a> majandusaasta aruanne<br \/>\n<a href=\"https:\/\/narva-joesuu.eelk.ee\/wp-content\/uploads\/2022\/11\/majandusaasta_aruanne_2020.pdf\">2020.a<\/a>. majandusaasta aruanne<br \/>\n<a href=\"https:\/\/narva-joesuu.eelk.ee\/wp-content\/uploads\/2020\/09\/aruanne_2019.pdf\">2019.a<\/a>. majandusaasta aruanne<br \/>\n<a href=\"https:\/\/narva-joesuu.eelk.ee\/wp-content\/uploads\/2020\/09\/aruanne_2018.pdf\">2018.a<\/a>. majandusaasta aruanne<br \/>\n<a href=\"https:\/\/narva-joesuu.eelk.ee\/wp-content\/uploads\/2020\/09\/aruanne_2018.pdf\">2017.a.<\/a> majandusaasta aruanne<br \/>\n<!--more--><\/p>\n<p><a href=\"https:\/\/narva-joesuu.eelk.ee\/wp-content\/uploads\/2016\/05\/2015.pdf\">2015<\/a>.a. majandusaasta aruanne;<\/p>\n<p><a href=\"https:\/\/narva-joesuu.eelk.ee\/wp-content\/uploads\/2016\/05\/2014.pdf\">2014<\/a>.a. majandusaasta aruanne;<\/p>\n<p><a href=\"https:\/\/narva-joesuu.eelk.ee\/wp-content\/uploads\/2016\/05\/2013.pdf\">2013<\/a>.a.majandusaasta aruanne.<\/p>\n<p><a href=\"http:\/\/www.ngo.ee\/eetikakoodeks\" target=\"_blank\" rel=\"noopener noreferrer\">Vaba\u00fchenduste tegevuse eetilised p\u00f5him\u00f5tted.<\/a><\/p>\n","protected":false},"excerpt":{"rendered":"<p>P\u00f5hikiri: EELK p\u00f5hikiri Majandusaasta aruanded: 2021.a. majandusaasta aruanne 2020.a. majandusaasta aruanne 2019.a. majandusaasta aruanne 2018.a. majandusaasta aruanne 2017.a. majandusaasta aruanne<\/p>\n","protected":false},"author":1,"featured_media":0,"parent":57,"menu_order":0,"comment_status":"closed","ping_status":"closed","template":"","meta":{"footnotes":""},"class_list":["post-156","page","type-page","status-publish","hentry"],"_links":{"self":[{"href":"https:\/\/narva-joesuu.eelk.ee\/index.php?rest_route=\/wp\/v2\/pages\/156","targetHints":{"allow":["GET"]}}],"collection":[{"href":"https:\/\/narva-joesuu.eelk.ee\/index.php?rest_route=\/wp\/v2\/pages"}],"about":[{"href":"https:\/\/narva-joesuu.eelk.ee\/index.php?rest_route=\/wp\/v2\/types\/page"}],"author":[{"embeddable":true,"href":"https:\/\/narva-joesuu.eelk.ee\/index.php?rest_route=\/wp\/v2\/users\/1"}],"replies":[{"embeddable":true,"href":"https:\/\/narva-joesuu.eelk.ee\/index.php?rest_route=%2Fwp%2Fv2%2Fcomments&post=156"}],"version-history":[{"count":12,"href":"https:\/\/narva-joesuu.eelk.ee\/index.php?rest_route=\/wp\/v2\/pages\/156\/revisions"}],"predecessor-version":[{"id":467,"href":"https:\/\/narva-joesuu.eelk.ee\/index.php?rest_route=\/wp\/v2\/pages\/156\/revisions\/467"}],"up":[{"embeddable":true,"href":"https:\/\/narva-joesuu.eelk.ee\/index.php?rest_route=\/wp\/v2\/pages\/57"}],"wp:attachment":[{"href":"https:\/\/narva-joesuu.eelk.ee\/index.php?rest_route=%2Fwp%2Fv2%2Fmedia&parent=156"}],"curies":[{"name":"wp","href":"https:\/\/api.w.org\/{rel}","templated":true}]}}