{"id":103,"date":"2015-04-08T17:46:22","date_gmt":"2015-04-08T17:46:22","guid":{"rendered":"http:\/\/skuusk.homeip.net\/wordpress\/?page_id=103"},"modified":"2016-05-27T10:19:16","modified_gmt":"2016-05-27T10:19:16","slug":"eestpalved-ja-malestamised","status":"publish","type":"page","link":"https:\/\/narva-joesuu.eelk.ee\/?page_id=103","title":{"rendered":"Eestpalved ja m\u00e4lestamised"},"content":{"rendered":"<h1>Eestpalved ja m\u00e4lestamine<\/h1>\n<p><strong>EESTPALVESOOVI ja LAHKUNUTE M\u00c4LESTAMISE\u00a0<\/strong>sooviga v\u00f5ib tulla kiriku\u00a0<strong>kantseleisse\u00a0<\/strong>vahetult enne jumalateenistust, ent oma soovist v\u00f5ib teada anda ka varem kirjutades aadressil  <a href=\"mailto:narva-joesuu@eelk.ee\" target=\"_top\">narva-joesuu[@]eelk.ee<\/a> v\u00f5i \u00a0helistades tel:\u00a058\u00a0161\u00a0099<br \/>\nVaimulik\u00a0ja kogudus kannavad Teie mure v\u00f5i leina &#8211; vajadusel ka anon\u00fc\u00fcmselt &#8211; palves Jumala ette.<\/p>\n","protected":false},"excerpt":{"rendered":"<p>Eestpalved ja m\u00e4lestamine EESTPALVESOOVI ja LAHKUNUTE M\u00c4LESTAMISE\u00a0sooviga v\u00f5ib tulla kiriku\u00a0kantseleisse\u00a0vahetult enne jumalateenistust, ent oma soovist v\u00f5ib teada anda ka varem kirjutades aadressil narva-joesuu[@]eelk.ee v\u00f5i \u00a0helistades tel:\u00a058\u00a0161\u00a0099 Vaimulik\u00a0ja kogudus kannavad Teie mure v\u00f5i leina &#8211; vajadusel ka anon\u00fc\u00fcmselt &#8211; palves Jumala &hellip; <a href=\"https:\/\/narva-joesuu.eelk.ee\/?page_id=103\">Continue reading <span class=\"meta-nav\">&rarr;<\/span><\/a><\/p>\n","protected":false},"author":1,"featured_media":0,"parent":0,"menu_order":0,"comment_status":"closed","ping_status":"closed","template":"","meta":{"footnotes":""},"class_list":["post-103","page","type-page","status-publish","hentry"],"_links":{"self":[{"href":"https:\/\/narva-joesuu.eelk.ee\/index.php?rest_route=\/wp\/v2\/pages\/103","targetHints":{"allow":["GET"]}}],"collection":[{"href":"https:\/\/narva-joesuu.eelk.ee\/index.php?rest_route=\/wp\/v2\/pages"}],"about":[{"href":"https:\/\/narva-joesuu.eelk.ee\/index.php?rest_route=\/wp\/v2\/types\/page"}],"author":[{"embeddable":true,"href":"https:\/\/narva-joesuu.eelk.ee\/index.php?rest_route=\/wp\/v2\/users\/1"}],"replies":[{"embeddable":true,"href":"https:\/\/narva-joesuu.eelk.ee\/index.php?rest_route=%2Fwp%2Fv2%2Fcomments&post=103"}],"version-history":[{"count":6,"href":"https:\/\/narva-joesuu.eelk.ee\/index.php?rest_route=\/wp\/v2\/pages\/103\/revisions"}],"predecessor-version":[{"id":171,"href":"https:\/\/narva-joesuu.eelk.ee\/index.php?rest_route=\/wp\/v2\/pages\/103\/revisions\/171"}],"wp:attachment":[{"href":"https:\/\/narva-joesuu.eelk.ee\/index.php?rest_route=%2Fwp%2Fv2%2Fmedia&parent=103"}],"curies":[{"name":"wp","href":"https:\/\/api.w.org\/{rel}","templated":true}]}}